{"id":39682,"date":"2023-06-01T10:38:28","date_gmt":"2023-06-01T08:38:28","guid":{"rendered":"https:\/\/tourduvalat.org\/visites-petit-saint-jean\/"},"modified":"2023-07-21T10:31:38","modified_gmt":"2023-07-21T08:31:38","slug":"visites-petit-saint-jean","status":"publish","type":"page","link":"https:\/\/tourduvalat.org\/en\/visites-petit-saint-jean\/","title":{"rendered":"Visites et d\u00e9gustations sur le Domaine du Petit Saint-Jean"},"content":{"rendered":"<table style=\"border-collapse: collapse;width: 100%\">\n<tbody>\n<tr>\n<td style=\"width: 50%;background-color: #f3f4f5\">\n<h4><strong><img loading=\"lazy\" decoding=\"async\" class=\"size-medium wp-image-39177 aligncenter\" src=\"https:\/\/tourduvalat.org\/wp-content\/uploads\/2023\/06\/logo-2023-300x294.jpg\" alt=\"\" width=\"300\" height=\"294\" srcset=\"https:\/\/tourduvalat.org\/wp-content\/uploads\/2023\/06\/logo-2023-300x294.jpg 300w, https:\/\/tourduvalat.org\/wp-content\/uploads\/2023\/06\/logo-2023-1024x1002.jpg 1024w, https:\/\/tourduvalat.org\/wp-content\/uploads\/2023\/06\/logo-2023-640x626.jpg 640w, https:\/\/tourduvalat.org\/wp-content\/uploads\/2023\/06\/logo-2023-768x752.jpg 768w, https:\/\/tourduvalat.org\/wp-content\/uploads\/2023\/06\/logo-2023-1536x1503.jpg 1536w, https:\/\/tourduvalat.org\/wp-content\/uploads\/2023\/06\/logo-2023-2048x2005.jpg 2048w, https:\/\/tourduvalat.org\/wp-content\/uploads\/2023\/06\/logo-2023-120x117.jpg 120w, https:\/\/tourduvalat.org\/wp-content\/uploads\/2023\/06\/logo-2023-1320x1292.jpg 1320w\" sizes=\"auto, (max-width: 639px) 98vw, (max-width: 1199px) 64vw, 300px\" \/><\/strong><\/h4>\n<\/td>\n<td style=\"width: 50%;background-color: #f3f4f5\">\n<h4><strong>Le <a href=\"https:\/\/tourduvalat.org\/actions\/petit-saint-jean\/\">Domaine du Petit Saint-Jean<\/a> vous accueille ! <\/strong><\/h4>\n<h4><strong>Visites guid\u00e9es, d\u00e9gustations, <a href=\"http:\/\/www.tourduvalat.org\/nosproduits\">vente de nos vins<\/a>&#8230; Entr\u00e9e libre ou sur r\u00e9servation selon le planning suivant :<\/strong><\/h4>\n<\/td>\n<\/tr>\n<\/tbody>\n<\/table>\n<h4><\/h4>\n<h4><\/h4>\n<figure id=\"attachment_35891\"  class=\"wp-caption alignright\"><img loading=\"lazy\" decoding=\"async\" class=\"size-medium wp-image-35892\" src=\"https:\/\/tourduvalat.org\/wp-content\/uploads\/2022\/02\/Vue-aerienne-PSJ-Antoine-Arnaud-300x200.jpg\" alt=\"\" width=\"300\" height=\"200\" srcset=\"https:\/\/tourduvalat.org\/wp-content\/uploads\/2022\/02\/Vue-aerienne-PSJ-Antoine-Arnaud-300x200.jpg 300w, https:\/\/tourduvalat.org\/wp-content\/uploads\/2022\/02\/Vue-aerienne-PSJ-Antoine-Arnaud-1024x683.jpg 1024w, https:\/\/tourduvalat.org\/wp-content\/uploads\/2022\/02\/Vue-aerienne-PSJ-Antoine-Arnaud-640x427.jpg 640w, https:\/\/tourduvalat.org\/wp-content\/uploads\/2022\/02\/Vue-aerienne-PSJ-Antoine-Arnaud-768x512.jpg 768w, https:\/\/tourduvalat.org\/wp-content\/uploads\/2022\/02\/Vue-aerienne-PSJ-Antoine-Arnaud-1536x1024.jpg 1536w, https:\/\/tourduvalat.org\/wp-content\/uploads\/2022\/02\/Vue-aerienne-PSJ-Antoine-Arnaud-2048x1365.jpg 2048w, https:\/\/tourduvalat.org\/wp-content\/uploads\/2022\/02\/Vue-aerienne-PSJ-Antoine-Arnaud-120x80.jpg 120w, https:\/\/tourduvalat.org\/wp-content\/uploads\/2022\/02\/Vue-aerienne-PSJ-Antoine-Arnaud-1320x880.jpg 1320w\" sizes=\"auto, (max-width: 639px) 98vw, (max-width: 1199px) 64vw, 300px\" \/><figcaption class=\"wp-caption-text\"><span>Vue a\u00e9rienne du domaine du Petit Saint-Jean<\/span> \u00a9 A. Arnaud<\/figcaption><\/figure>\n<h3 class=\"_04xlpA direction-ltr align-justify para-style-body\" style=\"text-align: left\"><span class=\"WdYUQQ\"><strong>Permanence de mai \u00e0 septembre<\/strong><br \/>\n<\/span><\/h3>\n<ul style=\"text-align: left\">\n<li><strong><span class=\"WdYUQQ\">jeudi & vendredi &#8211; 15h \u00e0 18h<\/span><\/strong><\/li>\n<li><strong><span class=\"WdYUQQ\">samedi &#8211; 10h \u00e0 13h & 15h \u00e0 18h<\/span><\/strong><\/li>\n<\/ul>\n<h3 class=\"_04xlpA direction-ltr align-start para-style-body\" style=\"text-align: left\"><span class=\"WdYUQQ\"><strong>Visite et d\u00e9gustation au domaine<\/strong><br \/>\n<\/span><\/h3>\n<p class=\"_04xlpA direction-ltr align-center para-style-body\" style=\"text-align: left\"><span class=\"WdYUQQ\">par Christian Cau, guide labellis\u00e9 Vignobles & D\u00e9couvertes \/ EcoPasseurs du Pa\u00eds<\/span><\/p>\n<p class=\"_04xlpA direction-ltr align-center para-style-body\" style=\"text-align: left\"><span class=\"WdYUQQ\">sur r\u00e9servation &#8211; 07 84 92 25 03<\/span><\/p>\n<ul>\n<li style=\"text-align: left\"><strong><span class=\"WdYUQQ\">jeudi &#8211; vendredi &#8211; samedi &#8211; 18h30-21h<\/span><\/strong><\/li>\n<\/ul>\n<p><img loading=\"lazy\" decoding=\"async\" class=\"aligncenter wp-image-39174 size-thumbnail\" src=\"https:\/\/tourduvalat.org\/wp-content\/uploads\/2023\/06\/Carte-Petit-Saint-Jean-640x552.jpg\" alt=\"\" width=\"640\" height=\"552\" srcset=\"https:\/\/tourduvalat.org\/wp-content\/uploads\/2023\/06\/Carte-Petit-Saint-Jean-640x552.jpg 640w, https:\/\/tourduvalat.org\/wp-content\/uploads\/2023\/06\/Carte-Petit-Saint-Jean-300x259.jpg 300w, https:\/\/tourduvalat.org\/wp-content\/uploads\/2023\/06\/Carte-Petit-Saint-Jean-1024x883.jpg 1024w, https:\/\/tourduvalat.org\/wp-content\/uploads\/2023\/06\/Carte-Petit-Saint-Jean-768x662.jpg 768w, https:\/\/tourduvalat.org\/wp-content\/uploads\/2023\/06\/Carte-Petit-Saint-Jean-1536x1325.jpg 1536w, https:\/\/tourduvalat.org\/wp-content\/uploads\/2023\/06\/Carte-Petit-Saint-Jean-2048x1766.jpg 2048w, https:\/\/tourduvalat.org\/wp-content\/uploads\/2023\/06\/Carte-Petit-Saint-Jean-120x104.jpg 120w, https:\/\/tourduvalat.org\/wp-content\/uploads\/2023\/06\/Carte-Petit-Saint-Jean-1320x1139.jpg 1320w\" sizes=\"auto, (max-width: 639px) 98vw, (max-width: 1199px) 64vw, 640px\" \/><\/p>\n<p style=\"text-align: center\"><strong> <span class=\"WdYUQQ\">Route D58 des Saintes-Maries-de-la-Mer, Saint-Laurent-d\u2019Aigouze (GPS 43.5726, 4,2867)<\/span> <\/strong><\/p>\n<hr \/>\n<p><strong>Contact<\/strong> : <a href=\"https:\/\/tourduvalat.org\/staff\/nicolas-beck\/\">Nicolas Beck<\/a>, chef de projet Petit Saint-Jean, <a href=\"mailto:petitsaintjean@tourduvalat.org\">e-mail<\/a> | +33 (0)4 90 97 29 70 &#8211; (0)6 79 79 90 35<\/p>\n<p>&nbsp;<\/p>\n<div>\n<div>\n<div><\/div>\n<\/div>\n<\/div>\n","protected":false},"excerpt":{"rendered":"<p>Le Domaine du Petit Saint-Jean vous accueille ! Visites guid\u00e9es, d\u00e9gustations, vente de nos vins&#8230; Entr\u00e9e libre ou sur r\u00e9servation selon le planning suivant : Permanence de mai \u00e0 septembre jeudi &#038; vendredi &#8211; 15h \u00e0 18h samedi &#8211; 10h \u00e0 13h &#038; 15h \u00e0 18h Visite et d\u00e9gustation au domaine par Christian Cau, guide [&hellip;]<\/p>\n","protected":false},"author":4,"featured_media":38428,"parent":0,"menu_order":0,"comment_status":"closed","ping_status":"closed","template":"","meta":{"_acf_changed":false,"inline_featured_image":false,"_exactmetrics_skip_tracking":false,"_exactmetrics_sitenote_active":false,"_exactmetrics_sitenote_note":"","_exactmetrics_sitenote_category":0,"footnotes":""},"class_list":["post-39682","page","type-page","status-publish","has-post-thumbnail","hentry"],"acf":[],"_links":{"self":[{"href":"https:\/\/tourduvalat.org\/en\/wp-json\/wp\/v2\/pages\/39682","targetHints":{"allow":["GET"]}}],"collection":[{"href":"https:\/\/tourduvalat.org\/en\/wp-json\/wp\/v2\/pages"}],"about":[{"href":"https:\/\/tourduvalat.org\/en\/wp-json\/wp\/v2\/types\/page"}],"author":[{"embeddable":true,"href":"https:\/\/tourduvalat.org\/en\/wp-json\/wp\/v2\/users\/4"}],"replies":[{"embeddable":true,"href":"https:\/\/tourduvalat.org\/en\/wp-json\/wp\/v2\/comments?post=39682"}],"version-history":[{"count":2,"href":"https:\/\/tourduvalat.org\/en\/wp-json\/wp\/v2\/pages\/39682\/revisions"}],"predecessor-version":[{"id":39686,"href":"https:\/\/tourduvalat.org\/en\/wp-json\/wp\/v2\/pages\/39682\/revisions\/39686"}],"wp:featuredmedia":[{"embeddable":true,"href":"https:\/\/tourduvalat.org\/en\/wp-json\/wp\/v2\/media\/38428"}],"wp:attachment":[{"href":"https:\/\/tourduvalat.org\/en\/wp-json\/wp\/v2\/media?parent=39682"}],"curies":[{"name":"wp","href":"https:\/\/api.w.org\/{rel}","templated":true}]}}