{"id":23580,"date":"2017-11-17T15:00:18","date_gmt":"2017-11-17T14:00:18","guid":{"rendered":"https:\/\/tourduvalat.org\/media\/publications\/"},"modified":"2019-05-13T09:32:12","modified_gmt":"2019-05-13T07:32:12","slug":"recent-publications","status":"publish","type":"page","link":"https:\/\/tourduvalat.org\/en\/media\/recent-publications\/","title":{"rendered":"Recent publications"},"content":{"rendered":"<p><strong>Find below the last Tour du Valat publications (scientific articles, booklets and reports), or the <a href=\"https:\/\/tourduvalat.centredoc.fr\/index.php?lvl=etagere_see&id=22&page=1&nbr_lignes=2529&nb_per_page_custom=200\" target=\"_blank\" rel=\"noopener\">whole list<\/a> on the Tour du Valat documentary portal:<\/strong><\/p>\n<ul class=\"rss-aggregator\"><li class=\"feed-item\"><a  rel=\"nofollow\" href=\"https:\/\/tourduvalat.centredoc.fr\/index.php?lvl=notice_display&id=65040\">Face au crabe bleu en M\u00e9diterran\u00e9e : nouveaux jalons pour la connaissance et l\u2019action : 4\u00e8me Conf\u00e9rence interr\u00e9gionale sur le crabe bleu (Callinectes sapidus) : synth\u00e8se (2026)<\/a><div class=\"thumbnail-excerpt wprss-feed-thumbnail\"><div class=\"thumbnail-excerpt wprss-feed-excerpt\"><!-- affichage des 10 premiers auteurs --> de Laurent Basilico <!-- mention d'\u00e9dition \/ \u00e9diteur \/ ann\u00e9e \/ page \/ collection --> Arles (FRA)&nbsp;: P\u00f4le-relais lagunes m\u00e9diterran\u00e9ennes, 2026, 14 <!-- URL associ\u00e9e --> En ligne : <a href=\"https:\/\/pole-lagunes.org\/download\/33742\/\" target=\"_blank\">pole-lagunes.org[...]<\/a> <!-- affichage du r\u00e9sum\u00e9 --> Synth\u00e8se des \u00e9changes tenus lors de la quatri\u00e8me conf\u00e9rence interr\u00e9gionale sur le crabe bleu, organis\u00e9e \u00e0 Mauguio et Palavas-les-Flots (Occitanie) les 6 et 7 novembre 2025 par le P\u00f4le-relais lagunes m\u00e9diterran\u00e9ennes, l\u2019Office Fran\u00e7ais de la Biodiversit\u00e9, la DREAL ... <a  rel=\"nofollow\" href='https:\/\/tourduvalat.centredoc.fr\/index.php?lvl=notice_display&id=65040'>read more<\/a><\/div><\/div><div class=\"wprss-feed-meta\"><\/div><\/li><li class=\"feed-item\"><a  rel=\"nofollow\" href=\"https:\/\/tourduvalat.centredoc.fr\/index.php?lvl=notice_display&id=65034\">To what extent is coastal wetland biodiversity endangered by climate change? How can we boost the resilience of coastal ecosystems?<\/a><div class=\"thumbnail-excerpt wprss-feed-thumbnail\"><div class=\"thumbnail-excerpt wprss-feed-excerpt\"><!-- affichage des 10 premiers auteurs --> de Carles Ib\u00e1\u00f1ez, Nuno Caiola, Chris S. Elphick, Patrick Grillas  <!-- affichage des infos du p\u00e9riodique : titre \/ num\u00e9ro \/ date \/ page --> In <i>Nature Conservation<\/i>, 62 (February, 2026), 63-94 <!-- URL associ\u00e9e --> En ligne : <a href=\"https:\/\/natureconservation.pensoft.net\/article\/154795\/\" target=\"_blank\">natureconservation.pensoft.net[...]<\/a> <!-- affichage du r\u00e9sum\u00e9 --> Global projections indicate that between 20% and 90% of current coastal wetland areas may be lost due to sea-level rise (SLR), depending on the severity of the ... <a  rel=\"nofollow\" href='https:\/\/tourduvalat.centredoc.fr\/index.php?lvl=notice_display&id=65034'>read more<\/a><\/div><\/div><div class=\"wprss-feed-meta\"><\/div><\/li><li class=\"feed-item\"><a  rel=\"nofollow\" href=\"https:\/\/tourduvalat.centredoc.fr\/index.php?lvl=notice_display&id=64981\">Introduction \u00e0 la statistique bay\u00e9sienne (DL 2026)<\/a><div class=\"thumbnail-excerpt wprss-feed-thumbnail\"><div class=\"thumbnail-excerpt wprss-feed-excerpt\"><!-- affichage des 10 premiers auteurs --> de Olivier Gimenez <!-- mention d'\u00e9dition \/ \u00e9diteur \/ ann\u00e9e \/ page \/ collection --> Versailles&nbsp;: \u00c9ditions Quae, DL 2026, 1 vol. (76 p.) <!-- URL associ\u00e9e --> En ligne : <a href=\"https:\/\/www.quae-open.com\/open_access_download\/638\/1212\" target=\"_blank\">www.quae-open.com[...]<\/a> <!-- affichage du r\u00e9sum\u00e9 --> La statistique bay\u00e9sienne est partout : pr\u00e9visions m\u00e9t\u00e9o, analyses d\u2019\u00e9pid\u00e9mies, pr\u00e9servation de la biodiversit\u00e9\u2026 Dans un monde incertain, elle permet d\u2019estimer, de pr\u00e9dire et de d\u00e9cider, en donnant un sens aux donn\u00e9es. Ce livre propose une ... <a  rel=\"nofollow\" href='https:\/\/tourduvalat.centredoc.fr\/index.php?lvl=notice_display&id=64981'>read more<\/a><\/div><\/div><div class=\"wprss-feed-meta\"><\/div><\/li><li class=\"feed-item\"><a  rel=\"nofollow\" href=\"https:\/\/tourduvalat.centredoc.fr\/index.php?lvl=notice_display&id=64980\">Tiques et sant\u00e9 (DL 2026)<\/a><div class=\"thumbnail-excerpt wprss-feed-thumbnail\"><div class=\"thumbnail-excerpt wprss-feed-excerpt\"><!-- affichage des 10 premiers auteurs --> de Claude Rispe, Laure Bournez, Jonas Durand, Olivier Duron, Magalie Ren\u00e9 <!-- mention d'\u00e9dition \/ \u00e9diteur \/ ann\u00e9e \/ page \/ collection --> Versailles&nbsp;: \u00c9ditions Quae, DL 2026, 1 vol. (119 p.) (Enjeux sciences) <!-- URL associ\u00e9e --> En ligne : <a href=\"https:\/\/www.quae-open.com\/produit\/356\/9782759242061\/tiques-et-sante\" target=\"_blank\">www.quae-open.com[...]<\/a> <!-- affichage du r\u00e9sum\u00e9 --> Face aux d\u00e9s\u00e9quilibres \u00e9cologiques et au risque croissant d\u2019\u00e9pid\u00e9mies li\u00e9s au changement global, il est l\u00e9gitime de s\u2019interroger sur le r\u00f4le des tiques, connues pour transmettre ... <a  rel=\"nofollow\" href='https:\/\/tourduvalat.centredoc.fr\/index.php?lvl=notice_display&id=64980'>read more<\/a><\/div><\/div><div class=\"wprss-feed-meta\"><\/div><\/li><li class=\"feed-item\"><a  rel=\"nofollow\" href=\"https:\/\/tourduvalat.centredoc.fr\/index.php?lvl=notice_display&id=64920\">Recommendations for Improving the Modeling of Wintering Waterbird Population Sizes and Trends<\/a><div class=\"thumbnail-excerpt wprss-feed-thumbnail\"><div class=\"thumbnail-excerpt wprss-feed-excerpt\"><!-- affichage des 10 premiers auteurs --> de U. Godeau, E. Gaget, L. Dami, K. Baddour, D. O. S. O. Daf, M. Dakki, T. Frost, M. Hornman, H. Kolberg, S.-H. Lorentsen, et al.  <!-- affichage des infos du p\u00e9riodique : titre \/ num\u00e9ro \/ date \/ page --> In <i>Ecology and Evolution<\/i>, 16(2) (February, 2026), e72902 <!-- URL associ\u00e9e --> En ligne : <a href=\"https:\/\/onlinelibrary.wiley.com\/doi\/abs\/10.1002\/ece3.72902\" target=\"_blank\">onlinelibrary.wiley.com[...]<\/a> <!-- affichage du r\u00e9sum\u00e9 --> Biodiversity monitoring at large spatial and temporal scales is essential ... <a  rel=\"nofollow\" href='https:\/\/tourduvalat.centredoc.fr\/index.php?lvl=notice_display&id=64920'>read more<\/a><\/div><\/div><div class=\"wprss-feed-meta\"><\/div><\/li><li class=\"feed-item\"><a  rel=\"nofollow\" href=\"https:\/\/tourduvalat.centredoc.fr\/index.php?lvl=notice_display&id=64919\">Dynamique des populations d\u2019oiseaux d\u2019eau de la R\u00e9serve naturelle nationale de Camargue (RNNC) : analyse de 35 ans de donn\u00e9es (2025)<\/a><div class=\"thumbnail-excerpt wprss-feed-thumbnail\"><div class=\"thumbnail-excerpt wprss-feed-excerpt\"><!-- affichage des 10 premiers auteurs --> de Ana Pires Saraiva <!-- mention d'\u00e9dition \/ \u00e9diteur \/ ann\u00e9e \/ page \/ collection --> Lempdes&nbsp;: VetAgro Sup, 2025, 114 <!-- URL associ\u00e9e --> <!-- affichage du r\u00e9sum\u00e9 --> Les zones humides, et en particulier les sites d\u2019importance internationale pour les oiseaux d\u2019eau comme la Camargue, figurent parmi les habitats les plus menac\u00e9s \u00e0 l\u2019\u00e9chelle mondiale. Ces milieux \u00e9tant essentiels pour les oiseaux d\u2019eau, il est donc n\u00e9cessaire de comprendre comment leurs ... <a  rel=\"nofollow\" href='https:\/\/tourduvalat.centredoc.fr\/index.php?lvl=notice_display&id=64919'>read more<\/a><\/div><\/div><div class=\"wprss-feed-meta\"><\/div><\/li><li class=\"feed-item\"><a  rel=\"nofollow\" href=\"https:\/\/tourduvalat.centredoc.fr\/index.php?lvl=notice_display&id=64918\">Guide d&#039;identification des oiseaux en main. (C 2020)<\/a><div class=\"thumbnail-excerpt wprss-feed-thumbnail\"><div class=\"thumbnail-excerpt wprss-feed-excerpt\"><!-- affichage des 10 premiers auteurs --> de Laurent Demongin <!-- mention d'\u00e9dition \/ \u00e9diteur \/ ann\u00e9e \/ page \/ collection --> 2e \u00e9d. Beauregard-Vendon&nbsp;: Laurent Demongin, C 2020, 1 vol. (542 p.) <!-- URL associ\u00e9e --> <!-- affichage du r\u00e9sum\u00e9 --> 2e version enrichie du guide d'identification pour les bagueurs. Ce guide offre aux bagueurs et \u00e0 tous les ornithologues susceptibles de manipuler des oiseaux en main les informations indispensables concernant l'identification des esp\u00e8ces et des sous-esp\u00e8ces, les mensurations, ... <a  rel=\"nofollow\" href='https:\/\/tourduvalat.centredoc.fr\/index.php?lvl=notice_display&id=64918'>read more<\/a><\/div><\/div><div class=\"wprss-feed-meta\"><\/div><\/li><li class=\"feed-item\"><a  rel=\"nofollow\" href=\"https:\/\/tourduvalat.centredoc.fr\/index.php?lvl=notice_display&id=64917\">Maladies du mouton (DL 2019)<\/a><div class=\"thumbnail-excerpt wprss-feed-thumbnail\"><div class=\"thumbnail-excerpt wprss-feed-excerpt\"><!-- affichage des 10 premiers auteurs --> de Jeanne Pierrette Brug\u00e8re-Picoux <!-- mention d'\u00e9dition \/ \u00e9diteur \/ ann\u00e9e \/ page \/ collection --> 4e \u00e9d. Paris&nbsp;: \u00c9ditions France agricole, DL 2019, 1 vol. (IX-397 p.) (Agriproduction) <!-- URL associ\u00e9e --> <!-- affichage du r\u00e9sum\u00e9 --> \"Associant le texte et les photos, ce manuel pr\u00e9sente pour chaque affection pouvant toucher le mouton : l'origine, les sympt\u00f4mes, les sympt\u00f4mes comparables, le diagnostic, la pr\u00e9vention, le traitement. Plus de 700 photos et dessins ... <a  rel=\"nofollow\" href='https:\/\/tourduvalat.centredoc.fr\/index.php?lvl=notice_display&id=64917'>read more<\/a><\/div><\/div><div class=\"wprss-feed-meta\"><\/div><\/li><li class=\"feed-item\"><a  rel=\"nofollow\" href=\"https:\/\/tourduvalat.centredoc.fr\/index.php?lvl=notice_display&id=64915\">Le silure, poisson troph\u00e9e (1990)<\/a><div class=\"thumbnail-excerpt wprss-feed-thumbnail\"><div class=\"thumbnail-excerpt wprss-feed-excerpt\"><!-- affichage des 10 premiers auteurs --> de Jean-Pierre Poulalier, Henri Limouzin <!-- mention d'\u00e9dition \/ \u00e9diteur \/ ann\u00e9e \/ page \/ collection --> Paris&nbsp;: Bordas, 1990, 143 p. (P\u00eache moderne (Paris)) <!-- URL associ\u00e9e --> En ligne : <a href=\"http:\/\/gallica.bnf.fr\/ark:\/12148\/bpt6k34040654\" target=\"_blank\">gallica.bnf.fr[...]<\/a> <!-- affichage du r\u00e9sum\u00e9 --> \u00ab P\u00eache moderne \u00bb est une collection abondamment illustr\u00e9e, essentiellement pratique et technique, r\u00e9dig\u00e9e par des auteurs-p\u00eacheurs, les plus connus sur des techniques de pointe, dirig\u00e9e par Henri Limouzin, dont le nom est une r\u00e9f\u00e9rence ... <a  rel=\"nofollow\" href='https:\/\/tourduvalat.centredoc.fr\/index.php?lvl=notice_display&id=64915'>read more<\/a><\/div><\/div><div class=\"wprss-feed-meta\"><\/div><\/li><li class=\"feed-item\"><a  rel=\"nofollow\" href=\"https:\/\/tourduvalat.centredoc.fr\/index.php?lvl=notice_display&id=64911\">Pasteurs, paysages (DL 2016)<\/a><div class=\"thumbnail-excerpt wprss-feed-thumbnail\"><div class=\"thumbnail-excerpt wprss-feed-excerpt\"><!-- affichage des 10 premiers auteurs --> de Lionel Roux <!-- mention d'\u00e9dition \/ \u00e9diteur \/ ann\u00e9e \/ page \/ collection --> Arles&nbsp;: Actes Sud, DL 2016, 1 vol. (232 p.) <!-- URL associ\u00e9e --> <!-- affichage du r\u00e9sum\u00e9 --> Tandis que nous entrons dans un nouvel \u00e2ge g\u00e9ologique, l\u2019anthropoc\u00e8ne, o\u00f9 l\u2019humain joue d\u00e9sormais le premier r\u00f4le dans l\u2019avenir de la Terre, il est temps d\u2019\u00e9valuer ses pratiques et de constater que s\u2019il en est beaucoup de n\u00e9fastes, il en ... <a  rel=\"nofollow\" href='https:\/\/tourduvalat.centredoc.fr\/index.php?lvl=notice_display&id=64911'>read more<\/a><\/div><\/div><div class=\"wprss-feed-meta\"><\/div><\/li><\/ul>\n","protected":false},"excerpt":{"rendered":"<p>Find below the last Tour du Valat publications (scientific articles, booklets and reports), or the whole list on the Tour du Valat documentary portal:<\/p>\n","protected":false},"author":5,"featured_media":0,"parent":379,"menu_order":2,"comment_status":"closed","ping_status":"closed","template":"","meta":{"_acf_changed":false,"inline_featured_image":false,"_exactmetrics_skip_tracking":false,"_exactmetrics_sitenote_active":false,"_exactmetrics_sitenote_note":"","_exactmetrics_sitenote_category":0,"footnotes":""},"class_list":["post-23580","page","type-page","status-publish","hentry"],"acf":[],"_links":{"self":[{"href":"https:\/\/tourduvalat.org\/en\/wp-json\/wp\/v2\/pages\/23580","targetHints":{"allow":["GET"]}}],"collection":[{"href":"https:\/\/tourduvalat.org\/en\/wp-json\/wp\/v2\/pages"}],"about":[{"href":"https:\/\/tourduvalat.org\/en\/wp-json\/wp\/v2\/types\/page"}],"author":[{"embeddable":true,"href":"https:\/\/tourduvalat.org\/en\/wp-json\/wp\/v2\/users\/5"}],"replies":[{"embeddable":true,"href":"https:\/\/tourduvalat.org\/en\/wp-json\/wp\/v2\/comments?post=23580"}],"version-history":[{"count":6,"href":"https:\/\/tourduvalat.org\/en\/wp-json\/wp\/v2\/pages\/23580\/revisions"}],"predecessor-version":[{"id":25582,"href":"https:\/\/tourduvalat.org\/en\/wp-json\/wp\/v2\/pages\/23580\/revisions\/25582"}],"up":[{"embeddable":true,"href":"https:\/\/tourduvalat.org\/en\/wp-json\/wp\/v2\/pages\/379"}],"wp:attachment":[{"href":"https:\/\/tourduvalat.org\/en\/wp-json\/wp\/v2\/media?parent=23580"}],"curies":[{"name":"wp","href":"https:\/\/api.w.org\/{rel}","templated":true}]}}