{"id":16835,"date":"2017-10-06T14:50:11","date_gmt":"2017-10-06T12:50:11","guid":{"rendered":"https:\/\/tourduvalat.org\/newsletter\/"},"modified":"2026-03-18T09:04:12","modified_gmt":"2026-03-18T08:04:12","slug":"newsletter","status":"publish","type":"page","link":"https:\/\/tourduvalat.org\/en\/newsletter\/","title":{"rendered":"The Mediterranean Wetlands Newsletter"},"content":{"rendered":"<table style=\"height: 358px\">\n<tbody>\n<tr style=\"height: 358px\">\n<td style=\"width: 216px;border-color: #82cac9;background-color: #82cac9;height: 358px\">[caldera_form id=&#8221;CF5a5490b25f441&#8243;]<\/td>\n<td style=\"width: 466px;border-color: #f5f6f7;background-color: #f5f6f7;height: 358px\"><span style=\"color: #000000\">The Mediterranean Wetlands Newsletter is published several times per year and circulated by e-mail. It presents the news of the Tour du Valat, and more broadly of the Mediterranean wetlands.<\/span><\/p>\n<p><span style=\"color: #000000\">It includes 5 parts:<\/span><\/p>\n<ul>\n<li><span style=\"color: #000000\">a thematic issue;<br \/>\n<\/span><\/li>\n<li><span style=\"color: #000000\">the last Tour du Valat news;<br \/>\n<\/span><\/li>\n<li><span style=\"color: #000000\">some initiatives in the Mediterranean region;<br \/>\n<\/span><\/li>\n<li><span style=\"color: #000000\">the last Tour du Valat publications;<br \/>\n<\/span><\/li>\n<li><span style=\"color: #000000\">a selection of upcoming events.<\/span><\/li>\n<\/ul>\n<p><span style=\"color: #000000\">Find below all the newsletters published since 2010.<\/span><\/p>\n<p>&nbsp;<\/p>\n<p>&nbsp;<\/td>\n<\/tr>\n<\/tbody>\n<\/table>\n<h3><\/h3>\n<h3>2026<\/h3>\n<p>Newsletter #52 | <strong><a href=\"https:\/\/com.tourduvalat.org\/emailing\/49749\/2266\/emailing.aspx\" target=\"_blank\" rel=\"noopener\">When nature becomes the solution: meeting societal challenges in the Mediterranean<\/a> |\u00a0<\/strong>March 2026<\/p>\n<h3>2025<\/h3>\n<p>Newsletter #51 | <a href=\"https:\/\/com.tourduvalat.org\/emailing\/49749\/2209\/emailing.aspx\">How do seabirds and migratory birds use the Gulf of Lion? Migralion programme results<\/a> | December 2025<\/p>\n<p>Newsletter #50 | <a href=\"https:\/\/com.tourduvalat.org\/emailing\/49749\/2122\/emailing.aspx\">Mediterranean wetlands: responses to ongoing crises<\/a> | September 2025<\/p>\n<p>Newsletter #49 | <a href=\"https:\/\/com.tourduvalat.org\/emailing\/49749\/2027\/emailing.aspx\">Feedback from the field &#8211; Spring 2025<\/a> | July 2025<\/p>\n<p>Newsletter #48 I <a href=\"https:\/\/com.tourduvalat.org\/emailing\/49749\/1908\/emailing.aspx\">In search of the hidden peat bogs of the Rh\u00f4ne delta: carbon reservoirs to be preserved<\/a> <span lang=\"fr\">I April 2025<\/span><\/p>\n<h3>2024<\/h3>\n<p>Newsletter #47 I <a href=\"https:\/\/com.tourduvalat.org\/emailing\/49749\/1725\/r16hueohmbhppijoavabsoyzmfugbsuvvvo\/emailing.aspx\">Provence-Alpes-C\u00f4te-d&#8217;Azur&#8217;s nature reserves adapt to climate change<\/a> <span lang=\"fr\">I December 2024<\/span><\/p>\n<p>Newsletter #46 I <a href=\"https:\/\/com.tourduvalat.org\/emailing\/49749\/1725\/r16hueohmbhppijoavabsoyzmfugbsuvvvo\/emailing.aspx\">Provence-Alpes-C\u00f4te-d&#8217;Azur&#8217;s nature reserves adapt to climate change<\/a> <span lang=\"fr\">I September 2024<\/span><\/p>\n<p><span lang=\"fr\">Newsletter #45 | <a href=\"https:\/\/public.message-business.com\/emailing\/49749\/1622\/emailing.aspx\">The Tour du Valat turns 70!<\/a> I June 2024<\/span><\/p>\n<h3>2023<\/h3>\n<p><span lang=\"fr\">Newsletter #44 | <a href=\"https:\/\/public.message-business.com\/emailing\/49749\/1459\/emailing.aspx\">Using numerical modelling to support wetland restoration and management programmes<\/a> (November 2023)<br \/>\n<\/span><\/p>\n<p>Newsletter #43 | <a href=\"https:\/\/public.message-business.com\/emailing\/49749\/1404\/r16hueohmbhppijoavabsoyzmfugbsuvvvo\/emailing.aspx\">At the Tour du Valat, the season is in full swing !<\/a> (July 2023)<\/p>\n<p>Newsletter #42 | <a href=\"https:\/\/public.message-business.com\/emailing\/49749\/1322\/r16ubvzuuuvzvsyzpsbozvvfzzzfbvivgog\/emailing.aspx\">What kind of agroecology for the Camargue?<\/a> (March 2023)<\/p>\n<h3>2022<\/h3>\n<p>Newsletter #41 | <a href=\"https:\/\/public.message-business.com\/emailing\/49749\/1269\/r16pphggjjsbszyvsbhgagumusvmagufizg\/emailing.aspx\">Avian influenza: what are the challenges for human health, livestock and wildlife?<\/a> (November 2022)<\/p>\n<p>Newsletter #40 | <a href=\"https:\/\/public.message-business.com\/emailing\/49749\/1215\/r16pphggjjsbszyvsbhgagumusvmagufizg\/emailing.aspx\">Can mapping help to restore Mediterranean wetlands?<\/a>\u200b (July 2022)<\/p>\n<p>Newsletter #39 | <a href=\"https:\/\/public.message-business.com\/emailing\/49749\/1146\/emailing.aspx\">Wetlands restoration<\/a> (April 2022)<\/p>\n<h3>2021<\/h3>\n<p>Newsletter #38 |\u00a0<a href=\"https:\/\/public.message-business.com\/emailing\/49749\/1038\/emailing.aspx\">The voices of wetlands in the Mediterranean<\/a> (December 2021)<\/p>\n<p>Newsletter #37 | <a href=\"https:\/\/public.message-business.com\/emailing\/49749\/931\/emailing.aspx\">The Living Mediterranean Report<\/a> (August 2021)<\/p>\n<p>Newsletter #36 | <a href=\"https:\/\/public.message-business.com\/emailing\/49749\/874\/r16pphggjjsbszyvsbhgagumusvmagufizg\/emailing.aspx\">The European Eel, a great adventurer<\/a> (February 2021)<\/p>\n<h3>2020<\/h3>\n<p>Newsletter #35 | <a href=\"http:\/\/public.message-business.com\/emailing\/49749\/809\/emailing.aspx\">Nature-based solutions<\/a> (November 2020)<\/p>\n<p>Newsletter #34 | <a href=\"https:\/\/public.message-business.com\/emailing\/49749\/772\/r16pphggjjsbszyvsbhgagumusvmagufizg\/emailing.aspx\">Mosquito control: Bti, between science and industry<\/a> (July 2020)<\/p>\n<p>Newsletter #33 | <a href=\"https:\/\/public.message-business.com\/emailing\/49749\/714\/r16pphggjjsbszyvsbhgagumusvmagufizg\/emailing.aspx\">Ducks, geese and swans in the Camargue<\/a> (April 2020)<\/p>\n<h3>2019<\/h3>\n<p>Newsletter #32 | <a href=\"https:\/\/public.message-business.com\/emailing\/49749\/620\/r16pphggjjsbszyvsbhgagumusvmagufizg\/emailing.aspx\" target=\"_blank\" rel=\"noopener\">Civil society: a key player in the sustainable management of Mediterranean Wetlands<\/a> (December 2019)<\/p>\n<p>Newsletter #31 | <a href=\"http:\/\/public.message-business.com\/emailing\/49749\/520\/emailing.aspx\" target=\"_blank\" rel=\"noopener\">Tackling climate change impacts to help practitioners saving wetlands<\/a> (Septermber 2019)<\/p>\n<p>Newsletter #30 | <a href=\"https:\/\/public.message-business.com\/emailing\/49749\/473\/emailing.aspx\" target=\"_blank\" rel=\"noopener\">Focus on the Mediterranean Waterbird Network<\/a> (June 2019)<\/p>\n<p>Newsletter #29 | <a href=\"https:\/\/public.message-business.com\/emailing\/49749\/413\/emailing.aspx\" target=\"_blank\" rel=\"noopener\">IPBES: acting to conserve Mediterranean wetlands<\/a> (April 2019)<\/p>\n<h3>2018<\/h3>\n<p>Newsletter #28\u00a0 |\u00a0\u00a0<a href=\"https:\/\/public.message-business.com\/emailing\/49749\/344\/emailing.aspx\" target=\"_blank\" rel=\"noopener\">Nature-Based Solutions<\/a> (December 2018)<\/p>\n<p>Newsletter #27\u00a0 |\u00a0\u00a0<a href=\"https:\/\/public.message-business.com\/emailing\/49749\/306\/emailing.aspx\" target=\"_blank\" rel=\"noopener\">The Eurasian Spoonbill, an emblematic wetland species<\/a> (July 2018)<\/p>\n<p>Newsletter #26\u00a0 |\u00a0\u00a0<a href=\"https:\/\/public.message-business.com\/emailing\/49749\/266\/emailing.aspx\" target=\"_blank\" rel=\"noopener\">The SWOS Project<\/a> (March 2018)<\/p>\n<h3>2017<\/h3>\n<p>Newsletter #25\u00a0 |\u00a0\u00a0<a href=\"https:\/\/public.message-business.com\/emailing\/49749\/158\/emailing.aspx\" target=\"_blank\" rel=\"noopener\">Alternative mosquito control methods in the Camargue<\/a>\u00a0(June 2017)<\/p>\n<p>Newsletter #24\u00a0 |\u00a0\u00a0<a href=\"https:\/\/public.message-business.com\/emailing\/49749\/111\/emailing.aspx\" target=\"_blank\" rel=\"noopener\">Antibiotic resistances in wildlife<\/a>\u00a0(February 2017)<\/p>\n<h3>2016<\/h3>\n<p>Newsletter #23\u00a0 |\u00a0\u00a0<a href=\"https:\/\/public.message-business.com\/emailing\/49749\/84\/emailing.aspx\" target=\"_blank\" rel=\"noopener\">Climate change in the Mediterranean wetlands<\/a> (November 2016)<\/p>\n<p>Newsletter #22\u00a0 |\u00a0\u00a0<a href=\"http:\/\/enews.la-souris-verte.com\/t\/r-6EDC96565A86F3C12540EF23F30FEDED\" target=\"_blank\" rel=\"noopener\">The Petit Saint-Jean agro-ecological project<\/a>\u00a0(June 2016)<\/p>\n<p>Newsletter #21\u00a0 |\u00a0\u00a0<a href=\"http:\/\/enews.la-souris-verte.com\/t\/r-CDFF7DFBC5CCF8AE2540EF23F30FEDED\" target=\"_blank\" rel=\"noopener\">The Tour du Valat Natural Regional Reserve 2016-2020 Management Plan<\/a> (January 2016)<\/p>\n<h3>2015<\/h3>\n<p>Newsletter #20\u00a0 |\u00a0\u00a0<a href=\"https:\/\/tourduvalat.org\/rester-informe\/newsletter\/lettre-n20-juillet-2015-geomatique-a-tour-valat\/\" target=\"_blank\" rel=\"noopener\">Geomatics at the Tour du Valat<\/a> (in French) (July 2015)<\/p>\n<p>Newsletter #19\u00a0 |\u00a0\u00a0<a href=\"http:\/\/enews.la-souris-verte.com\/t\/r-EFAF2B985F83CE582540EF23F30FEDED\" target=\"_blank\" rel=\"noopener\">The Tour du Valat\u2019s involvement in the conservation of the Greater Flamingo in the Camargue<\/a> (April 2015)<\/p>\n<h3>2014<\/h3>\n<p>Newsletter #18\u00a0 |\u00a0 <a href=\"http:\/\/enews.la-souris-verte.com\/t\/r-3F661F6924EBE17F2540EF23F30FEDED\" target=\"_blank\" rel=\"noopener\">The energy restoration work at the Tour du Valat<\/a>(December 2014)<\/p>\n<p>Newsletter #17\u00a0 |\u00a0\u00a0<a href=\"http:\/\/enews.la-souris-verte.com\/t\/r-2C91E056F8D926A02540EF23F30FEDED\" target=\"_blank\" rel=\"noopener\">Land cover in Mediterranean coastal wetlands from 1975 to 2005<\/a> (September 2014)<\/p>\n<p>Newsletter #16\u00a0 |\u00a0\u00a0<a href=\"http:\/\/enews.la-souris-verte.com\/t\/r-82B3C85CC247F05C2540EF23F30FEDED\" target=\"_blank\" rel=\"noopener\">The Gediz Delta in Turkey<\/a> (May 2014)<\/p>\n<h3>2013<\/h3>\n<p>Newsletter #15\u00a0 |\u00a0\u00a0<a href=\"http:\/\/enews.la-souris-verte.com\/t\/r-1B392E6C5BAC3B402540EF23F30FEDED\" target=\"_blank\" rel=\"noopener\">The AEWA Agreement, an instrument for international cooperation<\/a> (December 2013)<\/p>\n<p>Newsletter #14\u00a0 |\u00a0\u00a0<a href=\"http:\/\/enews.la-souris-verte.com\/t\/r-78B1ECE9B5B99F382540EF23F30FEDED\" target=\"_blank\" rel=\"noopener\">The restoration of the Camargue saltflats lagoons and marshes<\/a> (October 2013)<\/p>\n<p>Newsletter #13\u00a0 |\u00a0\u00a0<a href=\"https:\/\/tourduvalat.org\/en\/newsletter\/newsletter-13-march-2013-the-tour-du-valat-regional-nature-reserve\/\" target=\"_blank\" rel=\"noopener\">The Tour du Valat Regional Nature Reserve<\/a> (March 2013)<\/p>\n<h3>2012<\/h3>\n<p>Newsletter #12\u00a0 |\u00a0\u00a0<a href=\"https:\/\/tourduvalat.org\/en\/newsletter\/newsletter-12-ecological-rehabilitation\/\" target=\"_blank\" rel=\"noopener\">Ecological rehabilitation<\/a> (November 2012)<\/p>\n<p>Newsletter #11\u00a0 |\u00a0\u00a0<a href=\"https:\/\/tourduvalat.org\/en\/newsletter\/newsletter-11-july-2011-joint-management-of-a-marsh-in-the-camargue\/\" target=\"_blank\" rel=\"noopener\">Joint management of a marsh in the Camargue<\/a> (July 2012)<\/p>\n<p>Newsletter #10\u00a0 |\u00a0\u00a0<a href=\"https:\/\/tourduvalat.org\/en\/newsletter\/newsletter-10-may-2012-natural-mosquito-control-in-the-camargue-negative-impacts-on-biodiversity\/\" target=\"_blank\" rel=\"noopener\">\u201cNatural\u201d mosquito control in the Camargue: negative impacts on biodiversity<\/a> (May 2012)<\/p>\n<p>Newsletter #9\u00a0 |\u00a0\u00a0<a href=\"https:\/\/tourduvalat.org\/en\/newsletter\/newsletter-9-january-2012-status-and-trends-of-mediterranean-wetlands\/\" target=\"_blank\" rel=\"noopener\">Status and trends of Mediterranean wetlands<\/a> (January 2012)<\/p>\n<h3>2011<\/h3>\n<p>Newsletter #8\u00a0 |\u00a0\u00a0<a href=\"https:\/\/tourduvalat.org\/en\/newsletter\/newsletter-8-october-2011-exotic-invasive-species\/\" target=\"_blank\" rel=\"noopener\">Exotic invasive species<\/a> (October 2011)<\/p>\n<p>Newsletter #7\u00a0 |\u00a0\u00a0<a href=\"https:\/\/tourduvalat.org\/en\/newsletter\/newsletter-n7-july-2011-long-term-monitoring-of-herons-and-ibis-in-the-camargue\/\" target=\"_blank\" rel=\"noopener\">Long-term monitoring of herons and ibis in the Camargue<\/a> (July 2011)<\/p>\n<p>Newsletter #6\u00a0 |\u00a0\u00a0<a href=\"https:\/\/tourduvalat.org\/rester-informe\/newsletter\/lettre-n6-avril-2011-plantes-aquatiques\/\">Les plantes aquatiques<\/a> (April 2011)<\/p>\n<p>Newsletter #5\u00a0 |\u00a0\u00a0<a href=\"https:\/\/tourduvalat.org\/rester-informe\/newsletter\/lettre-n5-fevrier-2011-poles-relais-zones-humides\/\">Les P\u00f4les-relais zones humides<\/a> (February 2011)<\/p>\n<h3>2010<\/h3>\n<p>Newsletter #4\u00a0 |\u00a0\u00a0<a href=\"https:\/\/tourduvalat.org\/rester-informe\/newsletter\/lettre-n4-decembre-2010-science-participative-service-de-biodiversite\/\">La science participative au service de la biodiversit\u00e9<\/a> (December 2010)<\/p>\n<p>Newsletter #3\u00a0 |\u00a0\u00a0<a href=\"https:\/\/tourduvalat.org\/rester-informe\/newsletter\/lettre-n3-octobre-2010-ecologie-de-sante-biodiversite\/\">\u00c9cologie de la sant\u00e9 et biodiversit\u00e9<\/a> (October 2010)<\/p>\n<p>Newsletter #2\u00a0 |\u00a0\u00a0<a href=\"https:\/\/tourduvalat.org\/rester-informe\/newsletter\/lettre-n2-aout-2010-gestion-de-leau-camargue\/\">La gestion de l&#8217;eau en Camargue<\/a> (August 2010)<\/p>\n<p>Newsletter #1\u00a0 |\u00a0\u00a0<a href=\"https:\/\/tourduvalat.org\/rester-informe\/newsletter\/lettre-n-1-juin-2010-mediterranee-hospot-de-biodiversite\/\">La M\u00e9diterran\u00e9e, &#8220;hospot&#8221; de biodiversit\u00e9<\/a> (June 2010)<\/p>\n","protected":false},"excerpt":{"rendered":"<p>[caldera_form id=&#8221;CF5a5490b25f441&#8243;] The Mediterranean Wetlands Newsletter is published several times per year and circulated by e-mail. It presents the news of the Tour du Valat, and more broadly of the Mediterranean wetlands. It includes 5 parts: a thematic issue; the last Tour du Valat news; some initiatives in the Mediterranean region; the last Tour du [&hellip;]<\/p>\n","protected":false},"author":1,"featured_media":30802,"parent":0,"menu_order":3,"comment_status":"closed","ping_status":"closed","template":"","meta":{"_acf_changed":false,"inline_featured_image":false,"_exactmetrics_skip_tracking":false,"_exactmetrics_sitenote_active":false,"_exactmetrics_sitenote_note":"","_exactmetrics_sitenote_category":0,"footnotes":""},"class_list":["post-16835","page","type-page","status-publish","has-post-thumbnail","hentry"],"acf":[],"_links":{"self":[{"href":"https:\/\/tourduvalat.org\/en\/wp-json\/wp\/v2\/pages\/16835","targetHints":{"allow":["GET"]}}],"collection":[{"href":"https:\/\/tourduvalat.org\/en\/wp-json\/wp\/v2\/pages"}],"about":[{"href":"https:\/\/tourduvalat.org\/en\/wp-json\/wp\/v2\/types\/page"}],"author":[{"embeddable":true,"href":"https:\/\/tourduvalat.org\/en\/wp-json\/wp\/v2\/users\/1"}],"replies":[{"embeddable":true,"href":"https:\/\/tourduvalat.org\/en\/wp-json\/wp\/v2\/comments?post=16835"}],"version-history":[{"count":64,"href":"https:\/\/tourduvalat.org\/en\/wp-json\/wp\/v2\/pages\/16835\/revisions"}],"predecessor-version":[{"id":49985,"href":"https:\/\/tourduvalat.org\/en\/wp-json\/wp\/v2\/pages\/16835\/revisions\/49985"}],"wp:featuredmedia":[{"embeddable":true,"href":"https:\/\/tourduvalat.org\/en\/wp-json\/wp\/v2\/media\/30802"}],"wp:attachment":[{"href":"https:\/\/tourduvalat.org\/en\/wp-json\/wp\/v2\/media?parent=16835"}],"curies":[{"name":"wp","href":"https:\/\/api.w.org\/{rel}","templated":true}]}}